{"id":5189,"date":"2024-12-16T09:10:48","date_gmt":"2024-12-16T09:10:48","guid":{"rendered":"https:\/\/duuit.online\/?page_id=5189"},"modified":"2025-02-09T14:14:34","modified_gmt":"2025-02-09T14:14:34","slug":"como-funciona","status":"publish","type":"page","link":"https:\/\/duuit.online\/?page_id=5189","title":{"rendered":"C\u00f3mo funciona"},"content":{"rendered":"\n<div id=\"wp-block-themeisle-blocks-advanced-columns-d980f722\" class=\"wp-block-themeisle-blocks-advanced-columns has-2-columns has-desktop-equal-layout has-tablet-equal-layout has-mobile-collapsedRows-layout has-vertical-unset\"><div class=\"wp-block-themeisle-blocks-advanced-columns-overlay\"><\/div><div class=\"innerblocks-wrap\">\n<div id=\"wp-block-themeisle-blocks-advanced-column-6a63021f\" class=\"wp-block-themeisle-blocks-advanced-column\">\n<h2 id=\"wp-block-themeisle-blocks-advanced-heading-cc2e1624\" class=\"wp-block-themeisle-blocks-advanced-heading wp-block-themeisle-blocks-advanced-heading-cc2e1624\">\u00bfY c\u00f3mo funciona?<\/h2>\n\n\n\n<h3 id=\"wp-block-themeisle-blocks-advanced-heading-75c5a763\" class=\"wp-block-themeisle-blocks-advanced-heading wp-block-themeisle-blocks-advanced-heading-75c5a763\">Transparente, simple y a tu ritmo: En nuestra plataforma puedes transformar tus ideas en soluciones creativas y efectivas en <strong>4 sencillos pasos.<\/strong><\/h3>\n<\/div>\n\n\n\n<div id=\"wp-block-themeisle-blocks-advanced-column-acab4c03\" class=\"wp-block-themeisle-blocks-advanced-column d-none-m\">\n<div style=\"height:30px\" aria-hidden=\"true\" class=\"wp-block-spacer\"><\/div>\n<\/div>\n<\/div><\/div>\n\n\n\n<div id=\"wp-block-themeisle-blocks-advanced-columns-a3ee9cd4\" class=\"wp-block-themeisle-blocks-advanced-columns alignfull has-1-columns has-desktop-equal-layout has-tablet-equal-layout has-mobile-equal-layout has-vertical-unset has-dark-bg ticss-fe29f331\"><div class=\"wp-block-themeisle-blocks-advanced-columns-overlay\"><\/div><div class=\"innerblocks-wrap\">\n<div id=\"wp-block-themeisle-blocks-advanced-column-70a05c1c\" class=\"wp-block-themeisle-blocks-advanced-column has-dark-bg\">\n<figure class=\"wp-block-image size-large is-resized ticss-931d81fc d-none-m\"><img decoding=\"async\" src=\"https:\/\/duuit.online\/wp-content\/uploads\/2024\/12\/pestana-bajar-709d0f.svg\" alt=\"\" class=\"wp-image-5190\" style=\"width:110px\"\/><\/figure>\n\n\n\n<div style=\"height:100px\" aria-hidden=\"true\" class=\"wp-block-spacer d-none-m\"><\/div>\n\n\n\n<div id=\"wp-block-themeisle-blocks-advanced-columns-20f9092e\" class=\"wp-block-themeisle-blocks-advanced-columns has-2-columns has-desktop-oneTwo-layout has-tablet-equal-layout has-mobile-collapsedRows-layout has-vertical-unset ticss-20f9092e contenedor-principal\"><div class=\"wp-block-themeisle-blocks-advanced-columns-overlay\"><\/div><div class=\"innerblocks-wrap\">\n<div id=\"wp-block-themeisle-blocks-advanced-column-c241251c\" class=\"wp-block-themeisle-blocks-advanced-column ticss-c241251c\">\n<div id=\"wp-block-themeisle-blocks-advanced-columns-ccac6066\" class=\"wp-block-themeisle-blocks-advanced-columns has-2-columns has-desktop-equal-layout has-tablet-equal-layout has-mobile-collapsedRows-layout has-vertical-unset ticss-ccac6066 numeros d-none-m\"><div class=\"wp-block-themeisle-blocks-advanced-columns-overlay\"><\/div><div class=\"innerblocks-wrap\">\n<div id=\"wp-block-themeisle-blocks-advanced-column-3beaf870\" class=\"wp-block-themeisle-blocks-advanced-column\">\n<h2 id=\"wp-block-themeisle-blocks-advanced-heading-319dfe60\" class=\"wp-block-themeisle-blocks-advanced-heading wp-block-themeisle-blocks-advanced-heading-319dfe60\">0<\/h2>\n<\/div>\n\n\n\n<div id=\"wp-block-themeisle-blocks-advanced-column-3fdc3234\" class=\"wp-block-themeisle-blocks-advanced-column numeros-scroll\">\n<h2 id=\"wp-block-themeisle-blocks-advanced-heading-a9429e45\" class=\"wp-block-themeisle-blocks-advanced-heading wp-block-themeisle-blocks-advanced-heading-a9429e45 numero\">1<\/h2>\n\n\n\n<h2 id=\"wp-block-themeisle-blocks-advanced-heading-7775b1f6\" class=\"wp-block-themeisle-blocks-advanced-heading wp-block-themeisle-blocks-advanced-heading-7775b1f6 numero\">2<\/h2>\n\n\n\n<h2 id=\"wp-block-themeisle-blocks-advanced-heading-74c52112\" class=\"wp-block-themeisle-blocks-advanced-heading wp-block-themeisle-blocks-advanced-heading-74c52112 numero\">3<\/h2>\n\n\n\n<h2 id=\"wp-block-themeisle-blocks-advanced-heading-5c1d6140\" class=\"wp-block-themeisle-blocks-advanced-heading wp-block-themeisle-blocks-advanced-heading-5c1d6140 numero\">4<\/h2>\n<\/div>\n<\/div><\/div>\n<\/div>\n\n\n\n<div id=\"wp-block-themeisle-blocks-advanced-column-73359f10\" class=\"wp-block-themeisle-blocks-advanced-column contenedor-secciones ticss-9546fa28\">\n<div id=\"wp-block-themeisle-blocks-advanced-columns-a7735f4d\" class=\"wp-block-themeisle-blocks-advanced-columns has-1-columns has-desktop-equal-layout has-tablet-equal-layout has-mobile-equal-layout has-vertical-unset seccion\"><div class=\"wp-block-themeisle-blocks-advanced-columns-overlay\"><\/div><div class=\"innerblocks-wrap\">\n<div id=\"wp-block-themeisle-blocks-advanced-column-976b7d41\" class=\"wp-block-themeisle-blocks-advanced-column\">\n<h2 id=\"wp-block-themeisle-blocks-advanced-heading-8c206cce\" class=\"wp-block-themeisle-blocks-advanced-heading wp-block-themeisle-blocks-advanced-heading-8c206cce\">Escoge tu plan y paga la membres\u00eda<\/h2>\n\n\n\n<h5 id=\"wp-block-themeisle-blocks-advanced-heading-3ad234ad\" class=\"wp-block-themeisle-blocks-advanced-heading wp-block-themeisle-blocks-advanced-heading-3ad234ad has-light-bg ticss-3ad234ad\"><strong class=\"d-none-pc\">1. <\/strong>PLAN<\/h5>\n\n\n\n<h3 id=\"wp-block-themeisle-blocks-advanced-heading-fb18046b\" class=\"wp-block-themeisle-blocks-advanced-heading wp-block-themeisle-blocks-advanced-heading-fb18046b ticss-fb18046b\">Cada plan est\u00e1 pensado para satisfacer o adaptarse a las necesidades de dise\u00f1o y comunicaci\u00f3n de distintos tipos de empresa o profesionales.<\/h3>\n\n\n\n<div id=\"wp-block-themeisle-blocks-advanced-columns-46e9c3c4\" class=\"wp-block-themeisle-blocks-advanced-columns has-3-columns has-desktop-equal-layout has-tablet-equal-layout has-mobile-collapsedRows-layout has-vertical-unset\"><div class=\"wp-block-themeisle-blocks-advanced-columns-overlay\"><\/div><div class=\"innerblocks-wrap\">\n<div id=\"wp-block-themeisle-blocks-advanced-column-3b41a2ed\" class=\"wp-block-themeisle-blocks-advanced-column has-dark-bg\">\n<h3 id=\"wp-block-themeisle-blocks-advanced-heading-e5d02e30\" class=\"wp-block-themeisle-blocks-advanced-heading wp-block-themeisle-blocks-advanced-heading-e5d02e30\">Esencial<\/h3>\n\n\n\n<p class=\"has-text-align-center has-nv-light-bg-color has-text-color has-link-color wp-elements-d870387051d51e4dad71dd0a0e94764c\" style=\"padding-right:0px;padding-left:0px;font-size:19px\">Para proyectos puntuales o comunicaciones estrat\u00e9gicas<\/p>\n\n\n<div class=\"wp-block-image ticss-9ce19218\">\n<figure class=\"aligncenter size-large is-resized\"><img decoding=\"async\" src=\"https:\/\/duuit.online\/wp-content\/uploads\/2024\/12\/circulo-verde-flecha-9b40aa.svg\" alt=\"\" class=\"wp-image-5192\" style=\"width:64px;height:auto\"\/><\/figure><\/div><\/div>\n\n\n\n<div id=\"wp-block-themeisle-blocks-advanced-column-5d02a890\" class=\"wp-block-themeisle-blocks-advanced-column has-dark-bg\">\n<h3 id=\"wp-block-themeisle-blocks-advanced-heading-2d5c6453\" class=\"wp-block-themeisle-blocks-advanced-heading wp-block-themeisle-blocks-advanced-heading-2d5c6453\">Din\u00e1mico<\/h3>\n\n\n\n<p class=\"has-text-align-center has-nv-light-bg-color has-text-color has-link-color wp-elements-30014fbb6f3e7062e35c85a51dfcc453\" style=\"padding-right:0px;padding-left:0px;font-size:19px\">Mayor flexibilidad para comunicaciones regulares o en crecimiento<\/p>\n\n\n<div class=\"wp-block-image ticss-9ce19218\">\n<figure class=\"aligncenter size-large is-resized\"><img decoding=\"async\" src=\"https:\/\/duuit.online\/wp-content\/uploads\/2024\/12\/circulo-verde-flecha-9b40aa.svg\" alt=\"\" class=\"wp-image-5192\" style=\"width:64px;height:auto\"\/><\/figure><\/div><\/div>\n\n\n\n<div id=\"wp-block-themeisle-blocks-advanced-column-93222a89\" class=\"wp-block-themeisle-blocks-advanced-column has-dark-bg\">\n<h3 id=\"wp-block-themeisle-blocks-advanced-heading-f293d21b\" class=\"wp-block-themeisle-blocks-advanced-heading wp-block-themeisle-blocks-advanced-heading-f293d21b\">Avanzado<\/h3>\n\n\n\n<p class=\"has-text-align-center has-nv-light-bg-color has-text-color has-link-color wp-elements-6a977d1709c2e6a98b1de500067b1706\" style=\"padding-right:0px;padding-left:0px;font-size:19px\">Full capacity. Para comunicaci\u00f3n constante y proyectos especiales de gran escala<\/p>\n\n\n<div class=\"wp-block-image ticss-9ce19218\">\n<figure class=\"aligncenter size-large is-resized\"><img decoding=\"async\" src=\"https:\/\/duuit.online\/wp-content\/uploads\/2024\/12\/circulo-verde-flecha-9b40aa.svg\" alt=\"\" class=\"wp-image-5192\" style=\"width:64px;height:auto\"\/><\/figure><\/div><\/div>\n<\/div><\/div>\n<\/div>\n<\/div><\/div>\n\n\n\n<div id=\"wp-block-themeisle-blocks-advanced-columns-fb0495f5\" class=\"wp-block-themeisle-blocks-advanced-columns has-1-columns has-desktop-equal-layout has-tablet-equal-layout has-mobile-equal-layout has-vertical-unset seccion animated fadeInUp o-anim-offset-300px\"><div class=\"wp-block-themeisle-blocks-advanced-columns-overlay\"><\/div><div class=\"innerblocks-wrap\">\n<div id=\"wp-block-themeisle-blocks-advanced-column-8bb7dac3\" class=\"wp-block-themeisle-blocks-advanced-column\">\n<h5 id=\"wp-block-themeisle-blocks-advanced-heading-444a8420\" class=\"wp-block-themeisle-blocks-advanced-heading wp-block-themeisle-blocks-advanced-heading-444a8420 has-light-bg ticss-3ad234ad\"><strong class=\"d-none-pc\">2. <\/strong>CONEXI\u00d3N<\/h5>\n\n\n\n<h2 id=\"wp-block-themeisle-blocks-advanced-heading-e1d5374b\" class=\"wp-block-themeisle-blocks-advanced-heading wp-block-themeisle-blocks-advanced-heading-e1d5374b\">Cu\u00e9ntanos m\u00e1s<\/h2>\n\n\n\n<h3 id=\"wp-block-themeisle-blocks-advanced-heading-264659b7\" class=\"wp-block-themeisle-blocks-advanced-heading wp-block-themeisle-blocks-advanced-heading-264659b7 ticss-fb18046b\">Ahora nos toca conocer tu marca, un peque\u00f1o brief y una llamada para entender tu visi\u00f3n y a donde quieres ir con duuit.<\/h3>\n\n\n\n<figure class=\"wp-block-image size-full ticss-16800744\"><img loading=\"lazy\" decoding=\"async\" width=\"1500\" height=\"743\" src=\"https:\/\/duuit.online\/wp-content\/uploads\/2024\/12\/hablemos-de-tu-marca.png\" alt=\"\" class=\"wp-image-5346\" style=\"object-fit:cover\" srcset=\"https:\/\/duuit.online\/wp-content\/uploads\/2024\/12\/hablemos-de-tu-marca.png 1500w, https:\/\/duuit.online\/wp-content\/uploads\/2024\/12\/hablemos-de-tu-marca-300x149.png 300w, https:\/\/duuit.online\/wp-content\/uploads\/2024\/12\/hablemos-de-tu-marca-1024x507.png 1024w, https:\/\/duuit.online\/wp-content\/uploads\/2024\/12\/hablemos-de-tu-marca-768x380.png 768w\" sizes=\"auto, (max-width: 1500px) 100vw, 1500px\" \/><\/figure>\n<\/div>\n<\/div><\/div>\n\n\n\n<div id=\"wp-block-themeisle-blocks-advanced-columns-7a54cc0b\" class=\"wp-block-themeisle-blocks-advanced-columns has-1-columns has-desktop-equal-layout has-tablet-equal-layout has-mobile-equal-layout has-vertical-unset seccion animated fadeInUp o-anim-offset-300px\"><div class=\"wp-block-themeisle-blocks-advanced-columns-overlay\"><\/div><div class=\"innerblocks-wrap\">\n<div id=\"wp-block-themeisle-blocks-advanced-column-6161bc1a\" class=\"wp-block-themeisle-blocks-advanced-column\">\n<h5 id=\"wp-block-themeisle-blocks-advanced-heading-98dab696\" class=\"wp-block-themeisle-blocks-advanced-heading wp-block-themeisle-blocks-advanced-heading-98dab696 has-light-bg ticss-3ad234ad\"><strong class=\"d-none-pc\">3. <\/strong>SOLICITUD<\/h5>\n\n\n\n<h2 id=\"wp-block-themeisle-blocks-advanced-heading-bd2d52e9\" class=\"wp-block-themeisle-blocks-advanced-heading wp-block-themeisle-blocks-advanced-heading-bd2d52e9\"><strong>Familiar\u00edzate con la plataforma y crea una solicitud<\/strong><\/h2>\n\n\n\n<h3 id=\"wp-block-themeisle-blocks-advanced-heading-d2821b6e\" class=\"wp-block-themeisle-blocks-advanced-heading wp-block-themeisle-blocks-advanced-heading-d2821b6e ticss-fb18046b\">Se te har\u00e1 f\u00e1cil interactuar en nuestra plataforma, est\u00e1 dise\u00f1ada para funcionar desde cualquier dispositivo y en ella podr\u00e1s crear, gestionar y revisar tus solicitudes.<\/h3>\n\n\n\n<div id=\"wp-block-themeisle-blocks-advanced-columns-a5e5fae1\" class=\"wp-block-themeisle-blocks-advanced-columns has-2-columns has-desktop-oneTwo-layout has-tablet-equal-layout has-mobile-collapsedRows-layout has-vertical-unset\"><div class=\"wp-block-themeisle-blocks-advanced-columns-overlay\"><\/div><div class=\"innerblocks-wrap\">\n<div id=\"wp-block-themeisle-blocks-advanced-column-b031053c\" class=\"wp-block-themeisle-blocks-advanced-column\">\n<p style=\"padding-top:30px;padding-right:10px;padding-bottom:0px;padding-left:10px;font-size:20px\"><strong>100% Responsivo<br><\/strong>Puedes usarlo en Computador, Tablet o M\u00f3vil.<br>Tambi\u00e9n puedes hacer tus comentarios desde tu correo electr\u00f3nico.<\/p>\n<\/div>\n\n\n\n<div id=\"wp-block-themeisle-blocks-advanced-column-4468e8f8\" class=\"wp-block-themeisle-blocks-advanced-column\">\n<figure class=\"wp-block-image size-large ticss-7596a2d3\"><img loading=\"lazy\" decoding=\"async\" width=\"1024\" height=\"545\" src=\"https:\/\/duuit.online\/wp-content\/uploads\/2024\/12\/haz-una-solicitud-1024x545.png\" alt=\"\" class=\"wp-image-5348\" style=\"object-fit:cover\" srcset=\"https:\/\/duuit.online\/wp-content\/uploads\/2024\/12\/haz-una-solicitud-1024x545.png 1024w, https:\/\/duuit.online\/wp-content\/uploads\/2024\/12\/haz-una-solicitud-300x160.png 300w, https:\/\/duuit.online\/wp-content\/uploads\/2024\/12\/haz-una-solicitud-768x409.png 768w, https:\/\/duuit.online\/wp-content\/uploads\/2024\/12\/haz-una-solicitud.png 1300w\" sizes=\"auto, (max-width: 1024px) 100vw, 1024px\" \/><\/figure>\n<\/div>\n<\/div><\/div>\n<\/div>\n<\/div><\/div>\n\n\n\n<div id=\"wp-block-themeisle-blocks-advanced-columns-1a4e9531\" class=\"wp-block-themeisle-blocks-advanced-columns has-1-columns has-desktop-equal-layout has-tablet-equal-layout has-mobile-equal-layout has-vertical-unset seccion animated fadeInUp o-anim-offset-300px\"><div class=\"wp-block-themeisle-blocks-advanced-columns-overlay\"><\/div><div class=\"innerblocks-wrap\">\n<div id=\"wp-block-themeisle-blocks-advanced-column-9beefd0d\" class=\"wp-block-themeisle-blocks-advanced-column\">\n<h5 id=\"wp-block-themeisle-blocks-advanced-heading-ece87295\" class=\"wp-block-themeisle-blocks-advanced-heading wp-block-themeisle-blocks-advanced-heading-ece87295 has-light-bg ticss-3ad234ad\"><strong class=\"d-none-pc\">4. <\/strong>ENTREGA<\/h5>\n\n\n\n<h2 id=\"wp-block-themeisle-blocks-advanced-heading-9ac076f4\" class=\"wp-block-themeisle-blocks-advanced-heading wp-block-themeisle-blocks-advanced-heading-9ac076f4\"><strong>Recibe, comenta y sigamos creando<\/strong><\/h2>\n\n\n\n<h3 id=\"wp-block-themeisle-blocks-advanced-heading-0cd303ac\" class=\"wp-block-themeisle-blocks-advanced-heading wp-block-themeisle-blocks-advanced-heading-0cd303ac ticss-fb18046b\">Te enviaremos lo que hayas pedido y lo cambiaremos si hace falta. Sigue creando hasta agotar tus cr\u00e9ditos o acumulalos, \u00a1no hay presi\u00f3n!<\/h3>\n\n\n\n<figure class=\"wp-block-image size-full ticss-36aac9ca\"><img loading=\"lazy\" decoding=\"async\" width=\"1200\" height=\"572\" src=\"https:\/\/duuit.online\/wp-content\/uploads\/2024\/12\/descarga-y-sigue.png\" alt=\"\" class=\"wp-image-5370\" srcset=\"https:\/\/duuit.online\/wp-content\/uploads\/2024\/12\/descarga-y-sigue.png 1200w, https:\/\/duuit.online\/wp-content\/uploads\/2024\/12\/descarga-y-sigue-300x143.png 300w, https:\/\/duuit.online\/wp-content\/uploads\/2024\/12\/descarga-y-sigue-1024x488.png 1024w, https:\/\/duuit.online\/wp-content\/uploads\/2024\/12\/descarga-y-sigue-768x366.png 768w\" sizes=\"auto, (max-width: 1200px) 100vw, 1200px\" \/><\/figure>\n<\/div>\n<\/div><\/div>\n<\/div>\n<\/div><\/div>\n<\/div>\n<\/div><\/div>\n\n\n\n<div id=\"wp-block-themeisle-blocks-advanced-columns-e0633afa\" class=\"wp-block-themeisle-blocks-advanced-columns has-2-columns has-desktop-oneTwo-layout has-tablet-equal-layout has-mobile-collapsedRows-layout has-vertical-unset ticss-1646a8ec has-dark-bg\"><div class=\"wp-block-themeisle-blocks-advanced-columns-overlay\"><\/div><div class=\"innerblocks-wrap\">\n<div id=\"wp-block-themeisle-blocks-advanced-column-6d1d1b56\" class=\"wp-block-themeisle-blocks-advanced-column\">\n<div class=\"tapa d-none-m\"><\/div>\n<\/div>\n\n\n\n<div id=\"wp-block-themeisle-blocks-advanced-column-cc2123e9\" class=\"wp-block-themeisle-blocks-advanced-column\"><\/div>\n<\/div><\/div>\n\n\n\n<div id=\"wp-block-themeisle-blocks-advanced-columns-69353921\" class=\"wp-block-themeisle-blocks-advanced-columns has-1-columns has-desktop-oneTwo-layout has-tablet-equal-layout has-mobile-collapsedRows-layout has-vertical-unset ticss-1646a8ec has-dark-bg\"><div class=\"wp-block-themeisle-blocks-advanced-columns-overlay\"><\/div><div class=\"innerblocks-wrap\">\n<div id=\"wp-block-themeisle-blocks-advanced-column-59231041\" class=\"wp-block-themeisle-blocks-advanced-column\">\n<div id=\"wp-block-themeisle-blocks-advanced-columns-4d51803e\" class=\"wp-block-themeisle-blocks-advanced-columns has-2-columns has-desktop-equal-layout has-tablet-equal-layout has-mobile-collapsedRows-layout has-vertical-unset\"><div class=\"wp-block-themeisle-blocks-advanced-columns-overlay\"><\/div><div class=\"innerblocks-wrap\">\n<div id=\"wp-block-themeisle-blocks-advanced-column-fd25b08f\" class=\"wp-block-themeisle-blocks-advanced-column\">\n<h5 id=\"wp-block-themeisle-blocks-advanced-heading-6656213c\" class=\"wp-block-themeisle-blocks-advanced-heading wp-block-themeisle-blocks-advanced-heading-6656213c has-light-bg ticss-3ad234ad\">MUCHAS OPCIONES<\/h5>\n\n\n\n<h2 id=\"wp-block-themeisle-blocks-advanced-heading-3e94e16c\" class=\"wp-block-themeisle-blocks-advanced-heading wp-block-themeisle-blocks-advanced-heading-3e94e16c\">70+ Soluciones disponibles<\/h2>\n\n\n\n<h3 id=\"wp-block-themeisle-blocks-advanced-heading-cfbc7d68\" class=\"wp-block-themeisle-blocks-advanced-heading wp-block-themeisle-blocks-advanced-heading-cfbc7d68\">Un cat\u00e1logo de servicios que transforman tus ideas en resultados.<\/h3>\n\n\n\n<div class=\"wp-block-buttons is-horizontal is-layout-flex wp-block-buttons-is-layout-flex\" style=\"padding-right:0;padding-left:0\">\n<div class=\"wp-block-button primario\"><a class=\"wp-block-button__link wp-element-button\" href=\"https:\/\/duuit.online\/#precios\">\u00a1Comienza ahora!<\/a><\/div>\n\n\n\n<div class=\"wp-block-button secundario ticss-b6b9ab0d\"><a class=\"wp-block-button__link has-nv-light-bg-color has-text-color has-link-color wp-element-button\" href=\"https:\/\/calendly.com\/duuit-online\" target=\"_blank\" rel=\"noreferrer noopener\">Agenda una llamada<\/a><\/div>\n<\/div>\n<\/div>\n\n\n\n<div id=\"wp-block-themeisle-blocks-advanced-column-666f830a\" class=\"wp-block-themeisle-blocks-advanced-column\">\n<div class=\"swiper\">\n    <div class=\"swiper-wrapper\">\n        <div class=\"swiper-slide\">Logotipo profesional<\/div>\n        <div class=\"swiper-slide\">Landing page personalizada<\/div>\n        <div class=\"swiper-slide\">Publicaciones para redes sociales<\/div>\n        <div class=\"swiper-slide\">Brochure corporativo<\/div>\n        <div class=\"swiper-slide\">Edici\u00f3n de videos cortos<\/div>\n        <div class=\"swiper-slide\">Kit de marca para redes sociales<\/div>\n        <div class=\"swiper-slide\">Anuncios para campa\u00f1as publicitarias<\/div>\n        <div class=\"swiper-slide\">Presentaciones profesionales<\/div>\n        <div class=\"swiper-slide\">Flyers promocionales<\/div>\n        <div class=\"swiper-slide\">Identidad visual completa<\/div>\n        <div class=\"swiper-slide\">Web con ecommerce<\/div>\n        <div class=\"swiper-slide\">Banners promocionales<\/div>\n    <\/div>\n<\/div>\n\n<script>\ndocument.addEventListener('DOMContentLoaded', function () {\n    const swiper = new Swiper('.swiper', {\n        direction: 'vertical',\n        loop: true,\n        slidesPerView: 5,\n        centeredSlides: true,\n        autoplay: {\n            delay: 3000,\n            disableOnInteraction: false,\n        },\n        on: {\n            slideChange: function () {\n                const activeSlide = document.querySelector('.swiper-slide-active');\n                \n                if (activeSlide) { \/\/ Verifica que activeSlide no sea null\n                    document.querySelectorAll('.swiper-slide').forEach(slide => {\n                        slide.style.color = '#132030'; \/\/ Color del resto\n                    });\n                    activeSlide.style.color = '#67ffc5'; \/\/ Color del seleccionado\n                } else {\n                    console.error('No se pudo encontrar .swiper-slide-active');\n                }\n            }\n        }\n    });\n});\n\n\n<\/script>\n<\/div>\n<\/div><\/div>\n<\/div>\n<\/div><\/div>\n\n\n\n<script>\ndocument.addEventListener(\"DOMContentLoaded\", function () {\n    const numeros = document.querySelector(\".numeros\");\n    const offsetTop = 45; \/\/ Offset exacto de 50px para el viewport\n\n    \/\/ Obtener la posici\u00f3n inicial de .numeros\n    const posicionInicialNumeros = numeros.getBoundingClientRect().top + window.scrollY - offsetTop;\n\n    function handleScroll() {\n        const scrollY = window.scrollY;\n\n        \/\/ Activar \"fixed\" cuando .numeros llega a 50px del viewport\n        if (scrollY >= posicionInicialNumeros) {\n            numeros.classList.add(\"fixed\");\n        } \n        \/\/ Quitar \"fixed\" si volvemos hacia arriba\n        else {\n            numeros.classList.remove(\"fixed\");\n        }\n    }\n\n    \/\/ Evento scroll\n    window.addEventListener(\"scroll\", handleScroll);\n    handleScroll(); \/\/ Verificar el estado inicial\n});\n\ndocument.addEventListener(\"DOMContentLoaded\", function () {\n    const secciones = document.querySelectorAll(\".contenedor-secciones .seccion\");\n    const numerosScroll = document.querySelector(\".numeros-scroll\");\n    const alturaNumero = 215; \/\/ Altura de cada n\u00famero\n    const retraso = -450; \/\/ Ajuste para retrasar el cambio de n\u00famero\n\n    function actualizarScrollNumeros() {\n        let scrollPos = window.scrollY;\n        let indiceActivo = -1;\n\n        \/\/ Actualiza el n\u00famero seg\u00fan la secci\u00f3n visible\n        secciones.forEach((seccion, index) => {\n            const seccionTop = seccion.offsetTop;\n            const seccionAltura = seccion.offsetHeight;\n\n            if (scrollPos >= seccionTop + seccionAltura \/ 2 - retraso) {\n                indiceActivo = index;\n            }\n        });\n\n        if (indiceActivo >= 0) {\n            const desplazamiento = -indiceActivo * alturaNumero;\n            numerosScroll.style.transform = `translateY(${desplazamiento}px)`;\n        } else {\n            numerosScroll.style.transform = `translateY(0px)`;\n        }\n    }\n\n    window.addEventListener(\"scroll\", actualizarScrollNumeros);\n    actualizarScrollNumeros();\n});\n\n<\/script>\n\n\n\n<p><\/p>\n","protected":false},"excerpt":{"rendered":"","protected":false},"author":1,"featured_media":0,"parent":0,"menu_order":0,"comment_status":"closed","ping_status":"closed","template":"","meta":{"_acf_changed":false,"inline_featured_image":false,"neve_meta_sidebar":"","neve_meta_container":"full-width","neve_meta_enable_content_width":"","neve_meta_content_width":0,"neve_meta_title_alignment":"","neve_meta_author_avatar":"","neve_post_elements_order":"","neve_meta_disable_header":"","neve_meta_disable_footer":"","neve_meta_disable_title":"on","neve_meta_reading_time":"","_themeisle_gutenberg_block_has_review":false,"_ti_tpc_template_sync":false,"_ti_tpc_template_id":"","footnotes":""},"class_list":["post-5189","page","type-page","status-publish","hentry"],"acf":[],"_links":{"self":[{"href":"https:\/\/duuit.online\/index.php?rest_route=\/wp\/v2\/pages\/5189","targetHints":{"allow":["GET"]}}],"collection":[{"href":"https:\/\/duuit.online\/index.php?rest_route=\/wp\/v2\/pages"}],"about":[{"href":"https:\/\/duuit.online\/index.php?rest_route=\/wp\/v2\/types\/page"}],"author":[{"embeddable":true,"href":"https:\/\/duuit.online\/index.php?rest_route=\/wp\/v2\/users\/1"}],"replies":[{"embeddable":true,"href":"https:\/\/duuit.online\/index.php?rest_route=%2Fwp%2Fv2%2Fcomments&post=5189"}],"version-history":[{"count":269,"href":"https:\/\/duuit.online\/index.php?rest_route=\/wp\/v2\/pages\/5189\/revisions"}],"predecessor-version":[{"id":8566,"href":"https:\/\/duuit.online\/index.php?rest_route=\/wp\/v2\/pages\/5189\/revisions\/8566"}],"wp:attachment":[{"href":"https:\/\/duuit.online\/index.php?rest_route=%2Fwp%2Fv2%2Fmedia&parent=5189"}],"curies":[{"name":"wp","href":"https:\/\/api.w.org\/{rel}","templated":true}]}}