{"id":5765,"date":"2024-12-20T22:59:26","date_gmt":"2024-12-20T22:59:26","guid":{"rendered":"https:\/\/duuit.online\/?page_id=5765"},"modified":"2025-02-09T14:54:40","modified_gmt":"2025-02-09T14:54:40","slug":"contacto","status":"publish","type":"page","link":"https:\/\/duuit.online\/?page_id=5765","title":{"rendered":"Contacto"},"content":{"rendered":"\n<div id=\"wp-block-themeisle-blocks-advanced-columns-8f5a15ec\" class=\"wp-block-themeisle-blocks-advanced-columns has-1-columns has-desktop-equal-layout has-tablet-equal-layout has-mobile-equal-layout has-vertical-unset\"><div class=\"wp-block-themeisle-blocks-advanced-columns-overlay\"><\/div><div class=\"innerblocks-wrap\">\n<div id=\"wp-block-themeisle-blocks-advanced-column-38a6a997\" class=\"wp-block-themeisle-blocks-advanced-column\">\n<h2 id=\"wp-block-themeisle-blocks-advanced-heading-6a24064c\" class=\"wp-block-themeisle-blocks-advanced-heading wp-block-themeisle-blocks-advanced-heading-6a24064c\">Cont\u00e1ctanos<\/h2>\n<\/div>\n<\/div><\/div>\n\n\n\n<div id=\"wp-block-themeisle-blocks-advanced-columns-df06347e\" class=\"wp-block-themeisle-blocks-advanced-columns has-2-columns has-desktop-twoOne-layout has-tablet-equal-layout has-mobile-collapsedRows-layout has-vertical-unset\"><div class=\"wp-block-themeisle-blocks-advanced-columns-overlay\"><\/div><div class=\"innerblocks-wrap\">\n<div id=\"wp-block-themeisle-blocks-advanced-column-03a88272\" class=\"wp-block-themeisle-blocks-advanced-column\">\n<div id=\"wp-block-themeisle-blocks-form-6410a9a0\" class=\"wp-block-themeisle-blocks-form can-submit-and-subscribe primario\" data-option-name=\"bf9b28ff82ce323187abc5d0feb0d8f07ecd8436_6410a9a0\"><form class=\"otter-form__container\">\n<div id=\"wp-block-themeisle-blocks-form-input-ae6b5d94\" class=\"wp-block-themeisle-blocks-form-input\"><label for=\"wp-block-themeisle-blocks-form-input-ae6b5d94-input\" class=\"otter-form-input-label\"><span class=\"otter-form-input-label__label\">Nombre <\/span><span class=\"required\">*<\/span><\/label><input type=\"text\" name=\"FNAME\" id=\"wp-block-themeisle-blocks-form-input-ae6b5d94-input\" required class=\"otter-form-input\"\/><\/div>\n\n\n\n<div id=\"wp-block-themeisle-blocks-form-input-c35be7ec\" class=\"wp-block-themeisle-blocks-form-input\"><label for=\"wp-block-themeisle-blocks-form-input-c35be7ec-input\" class=\"otter-form-input-label\"><span class=\"otter-form-input-label__label\">Email <\/span><span class=\"required\">*<\/span><\/label><input type=\"email\" name=\"EMAIL\" id=\"wp-block-themeisle-blocks-form-input-c35be7ec-input\" required class=\"otter-form-input\"\/><\/div>\n\n\n<div class=\"wp-block-themeisle-blocks-form-multiple-choice\" id=\"wp-block-themeisle-blocks-form-input-85be9514\"><label class=\"otter-form-input-label\" for=\"wp-block-themeisle-blocks-form-input-85be9514\" >Asunto <span class=\"required\">*<\/span><\/label><select id=\"wp-block-themeisle-blocks-form-input-85be9514\"  required  name=\"wp-block-themeisle-blocks-form-input-85be9514\"><option value=\"soporte-tecnico-y-problemas-urgentes\">Soporte T\u00e9cnico y Problemas Urgentes<\/option><option value=\"consultas-sobre-planes-y-creditos\">Consultas sobre Planes y Cr\u00e9ditos<\/option><option value=\"gestion-de-suscripciones\">Gesti\u00f3n de Suscripciones<\/option><option value=\"tiempos-y-entregas\">Tiempos y Entregas<\/option><option value=\"propuestas-y-colaboraciones\">Propuestas y Colaboraciones<\/option><option value=\"otros-motivos\">Otros Motivos<\/option><\/select><span class=\"o-form-help\"><\/span><\/div>\n\n<div class=\"protection\" aria-hidden=\"true\"><input type=\"hidden\" id=\"wp-block-themeisle-blocks-form-6410a9a0_nonce_field\" name=\"wp-block-themeisle-blocks-form-6410a9a0_nonce_field\" value=\"2cfdc5f0b4\" \/><input type=\"hidden\" name=\"_wp_http_referer\" value=\"\/index.php?rest_route=%2Fwp%2Fv2%2Fpages%2F5765\" \/><input class=\"o-anti-bot\" type=\"checkbox\"><\/div>\n\n\n<div id=\"wp-block-themeisle-blocks-form-textarea-577dcfe7\" class=\"wp-block-themeisle-blocks-form-textarea\"><label for=\"wp-block-themeisle-blocks-form-textarea-577dcfe7-input\" class=\"otter-form-textarea-label\"><span class=\"otter-form-textarea-label__label\">Mensaje<\/span><\/label><textarea id=\"wp-block-themeisle-blocks-form-textarea-577dcfe7-input\" rows=\"10\" class=\"otter-form-textarea-input\"><\/textarea><\/div>\n<div class=\"wp-block-button\"><button class=\"wp-block-button__link\" type=\"submit\">Enviar<\/button><\/div><\/form><\/div>\n<\/div>\n\n\n\n<div id=\"wp-block-themeisle-blocks-advanced-column-497fe45a\" class=\"wp-block-themeisle-blocks-advanced-column\">\n<h4 id=\"wp-block-themeisle-blocks-advanced-heading-3bcd6752\" class=\"wp-block-themeisle-blocks-advanced-heading wp-block-themeisle-blocks-advanced-heading-3bcd6752\">\u00bfTienes preguntas? Estamos aqu\u00ed para ayudarte<\/h4>\n\n\n\n<p>Si necesitas ayuda inmediata, puedes hablar con nuestro <strong>asistente virtual<\/strong> para resolver tus dudas en tiempo real. Si prefieres una atenci\u00f3n m\u00e1s personalizada, agenda una llamada con nuestro equipo o escr\u00edbenos directamente a nuestro correo. Estamos aqu\u00ed para asegurarnos de que obtengas las respuestas que necesitas.<\/p>\n\n\n\n<p>Tambi\u00e9n puedes escribirnos un correo a <a href=\"mailto:info@duui.online\" target=\"_blank\" rel=\"noreferrer noopener\">info@duui.online<\/a><\/p>\n\n\n\n<div class=\"wp-block-buttons is-layout-flex wp-block-buttons-is-layout-flex\">\n<div class=\"wp-block-button primario\"><a class=\"wp-block-button__link wp-element-button\" href=\"https:\/\/calendly.com\/duuit-online\" target=\"_blank\" rel=\"noreferrer noopener\">Agenda una Llamada<\/a><\/div>\n\n\n\n<div class=\"wp-block-button secundario mi-hyve\"><a class=\"wp-block-button__link wp-element-button\">Habla con un asistente virtual<\/a><\/div>\n<\/div>\n<\/div>\n<\/div><\/div>\n\n\n\n<script>\ndocument.addEventListener(\"DOMContentLoaded\", function () {\n    \/\/ Selecciona todos los elementos con la clase \"mi-hyve\"\n    const miHyveElements = document.querySelectorAll(\".mi-hyve\");\n\n    \/\/ A\u00f1ade un evento de clic a cada elemento\n    miHyveElements.forEach(element => {\n        element.addEventListener(\"click\", function () {\n            \/\/ Cambiar el estilo de hyve-window\n            const hyveWindow = document.querySelector(\".hyve-window\");\n            if (hyveWindow) {\n                hyveWindow.style.display = \"block\";\n            }\n\n            \/\/ Cambiar el estilo de hyve-bar-open\n            const hyveBarOpen = document.querySelector(\".hyve-bar-open\");\n            if (hyveBarOpen) {\n                hyveBarOpen.style.display = \"none\";\n            }\n\n            \/\/ Cambiar el estilo de hyve-bar-close\n            const hyveBarClose = document.querySelector(\".hyve-bar-close\");\n            if (hyveBarClose) {\n                hyveBarClose.style.display = \"block\";\n            }\n\n            \/\/ Hacer scroll autom\u00e1tico hacia abajo en hyve-message-box\n            const hyveMessageBox = document.querySelector(\".hyve-message-box\");\n            if (hyveMessageBox) {\n                hyveMessageBox.style.overflowY = \"scroll\"; \/\/ Asegura el scroll\n                hyveMessageBox.scrollTop = hyveMessageBox.scrollHeight; \/\/ Desplaza al fondo\n            }\n        });\n    });\n});\n\ndocument.addEventListener(\"DOMContentLoaded\", function () {\n    \/\/ Selecciona el label por su atributo `for`\n    const labelConsent = document.querySelector(\"label[for='o-consent']\");\n\n    if (labelConsent) {\n        \/\/ Cambia el texto del label\n        labelConsent.textContent = \"He le\u00eddo y acepto la pol\u00edtica de privacidad.\";\n    }\n});\n\n\n<\/script>\n","protected":false},"excerpt":{"rendered":"","protected":false},"author":1,"featured_media":0,"parent":0,"menu_order":0,"comment_status":"closed","ping_status":"closed","template":"","meta":{"_acf_changed":false,"inline_featured_image":false,"neve_meta_sidebar":"","neve_meta_container":"","neve_meta_enable_content_width":"","neve_meta_content_width":0,"neve_meta_title_alignment":"","neve_meta_author_avatar":"","neve_post_elements_order":"","neve_meta_disable_header":"","neve_meta_disable_footer":"","neve_meta_disable_title":"on","neve_meta_reading_time":"","_themeisle_gutenberg_block_has_review":false,"_ti_tpc_template_sync":false,"_ti_tpc_template_id":"","footnotes":""},"class_list":["post-5765","page","type-page","status-publish","hentry"],"acf":[],"_links":{"self":[{"href":"https:\/\/duuit.online\/index.php?rest_route=\/wp\/v2\/pages\/5765","targetHints":{"allow":["GET"]}}],"collection":[{"href":"https:\/\/duuit.online\/index.php?rest_route=\/wp\/v2\/pages"}],"about":[{"href":"https:\/\/duuit.online\/index.php?rest_route=\/wp\/v2\/types\/page"}],"author":[{"embeddable":true,"href":"https:\/\/duuit.online\/index.php?rest_route=\/wp\/v2\/users\/1"}],"replies":[{"embeddable":true,"href":"https:\/\/duuit.online\/index.php?rest_route=%2Fwp%2Fv2%2Fcomments&post=5765"}],"version-history":[{"count":26,"href":"https:\/\/duuit.online\/index.php?rest_route=\/wp\/v2\/pages\/5765\/revisions"}],"predecessor-version":[{"id":8581,"href":"https:\/\/duuit.online\/index.php?rest_route=\/wp\/v2\/pages\/5765\/revisions\/8581"}],"wp:attachment":[{"href":"https:\/\/duuit.online\/index.php?rest_route=%2Fwp%2Fv2%2Fmedia&parent=5765"}],"curies":[{"name":"wp","href":"https:\/\/api.w.org\/{rel}","templated":true}]}}